{"id":1119,"date":"2026-03-27T14:16:40","date_gmt":"2026-03-27T13:16:40","guid":{"rendered":"https:\/\/www.melodynay.com\/?page_id=1119"},"modified":"2026-04-02T16:15:45","modified_gmt":"2026-04-02T14:15:45","slug":"politique-de-confidentialite","status":"publish","type":"page","link":"https:\/\/www.melodynay.com\/index.php\/politique-de-confidentialite\/","title":{"rendered":"Politique de confidentialit\u00e9"},"content":{"rendered":"\t\t<div data-elementor-type=\"wp-page\" data-elementor-id=\"1119\" class=\"elementor elementor-1119\" data-elementor-post-type=\"page\">\n\t\t\t\t<div class=\"elementor-element elementor-element-e5ea8df e-flex e-con-boxed e-con e-parent\" data-id=\"e5ea8df\" data-element_type=\"container\" data-e-type=\"container\">\n\t\t\t\t\t<div class=\"e-con-inner\">\n\t\t\t\t<div class=\"elementor-element elementor-element-65804b4f elementor-widget elementor-widget-spacer\" data-id=\"65804b4f\" data-element_type=\"widget\" data-e-type=\"widget\" data-widget_type=\"spacer.default\">\n\t\t\t\t<div class=\"elementor-widget-container\">\n\t\t\t\t\t\t\t<div class=\"elementor-spacer\">\n\t\t\t<div class=\"elementor-spacer-inner\"><\/div>\n\t\t<\/div>\n\t\t\t\t\t\t<\/div>\n\t\t\t\t<\/div>\n\t\t\t\t<div class=\"elementor-element elementor-element-1203d9ac elementor-invisible elementor-widget elementor-widget-image\" data-id=\"1203d9ac\" data-element_type=\"widget\" data-e-type=\"widget\" data-settings=\"{&quot;_animation&quot;:&quot;fadeInDown&quot;}\" data-widget_type=\"image.default\">\n\t\t\t\t<div class=\"elementor-widget-container\">\n\t\t\t\t\t\t\t\t\t\t\t\t\t\t\t<img fetchpriority=\"high\" decoding=\"async\" width=\"665\" height=\"360\" src=\"https:\/\/www.melodynay.com\/wp-content\/uploads\/2026\/03\/Groupe-151.png\" class=\"attachment-large size-large wp-image-1146\" alt=\"\" srcset=\"https:\/\/www.melodynay.com\/wp-content\/uploads\/2026\/03\/Groupe-151.png 665w, https:\/\/www.melodynay.com\/wp-content\/uploads\/2026\/03\/Groupe-151-300x162.png 300w\" sizes=\"(max-width: 665px) 100vw, 665px\" \/>\t\t\t\t\t\t\t\t\t\t\t\t\t\t\t<\/div>\n\t\t\t\t<\/div>\n\t\t\t\t<div class=\"elementor-element elementor-element-ded3e75 elementor-invisible elementor-widget elementor-widget-heading\" data-id=\"ded3e75\" data-element_type=\"widget\" data-e-type=\"widget\" data-settings=\"{&quot;_animation&quot;:&quot;fadeInUp&quot;}\" data-widget_type=\"heading.default\">\n\t\t\t\t<div class=\"elementor-widget-container\">\n\t\t\t\t\t<h2 class=\"elementor-heading-title elementor-size-default\">Politique de confidentialit\u00e9<\/h2>\t\t\t\t<\/div>\n\t\t\t\t<\/div>\n\t\t\t\t<div class=\"elementor-element elementor-element-64da094d elementor-widget elementor-widget-spacer\" data-id=\"64da094d\" data-element_type=\"widget\" data-e-type=\"widget\" data-widget_type=\"spacer.default\">\n\t\t\t\t<div class=\"elementor-widget-container\">\n\t\t\t\t\t\t\t<div class=\"elementor-spacer\">\n\t\t\t<div class=\"elementor-spacer-inner\"><\/div>\n\t\t<\/div>\n\t\t\t\t\t\t<\/div>\n\t\t\t\t<\/div>\n\t\t\t\t\t<\/div>\n\t\t\t\t<\/div>\n\t\t<div class=\"elementor-element elementor-element-6fc31107 e-flex e-con-boxed e-con e-parent\" data-id=\"6fc31107\" data-element_type=\"container\" data-e-type=\"container\">\n\t\t\t\t\t<div class=\"e-con-inner\">\n\t\t\t\t<div class=\"elementor-element elementor-element-3761cec2 elementor-widget elementor-widget-text-editor\" data-id=\"3761cec2\" data-element_type=\"widget\" data-e-type=\"widget\" data-widget_type=\"text-editor.default\">\n\t\t\t\t<div class=\"elementor-widget-container\">\n\t\t\t\t\t\t\t\t\t<p><b>1.Collecte de l\u2019information<\/b><\/p><p><span style=\"font-weight: 400;\">Nous recueillons des informations lorsque vous nous contactez via notre site. Les informations recueillies incluent votre nom, votre adresse e-mail, num\u00e9ro de t\u00e9l\u00e9phone.<\/span><\/p><p><span style=\"font-weight: 400;\">En outre, nous recevons et enregistrons automatiquement des informations \u00e0 partir de votre ordinateur et navigateur, y compris votre adresse IP, vos logiciels et votre mat\u00e9riel, et la page que vous demandez.<\/span><\/p><p><b>\u00a0<\/b><\/p><ol start=\"2\"><li><b> Utilisation des informations<\/b><\/li><\/ol><p><span style=\"font-weight: 400;\">Toute les informations que nous recueillons aupr\u00e8s de vous peuvent \u00eatre utilis\u00e9es pour :<\/span><\/p><ul><li style=\"font-weight: 400;\" aria-level=\"1\"><span style=\"font-weight: 400;\">Personnaliser votre exp\u00e9rience et r\u00e9pondre \u00e0 vos besoins individuels<\/span><\/li><li style=\"font-weight: 400;\" aria-level=\"1\"><span style=\"font-weight: 400;\">Fournir un contenu publicitaire personnalis\u00e9<\/span><\/li><li style=\"font-weight: 400;\" aria-level=\"1\"><span style=\"font-weight: 400;\">Am\u00e9liorer notre site Web<\/span><\/li><li style=\"font-weight: 400;\" aria-level=\"1\"><span style=\"font-weight: 400;\">Am\u00e9liorer le service client et vos besoins de prise en charge<\/span><\/li><li style=\"font-weight: 400;\" aria-level=\"1\"><span style=\"font-weight: 400;\">Vous contacter par e-mail<\/span><\/li><li style=\"font-weight: 400;\" aria-level=\"1\"><span style=\"font-weight: 400;\">Administrer un concours, une promotion, ou un enqu\u00eate<\/span><\/li><\/ul><p><span style=\"font-weight: 400;\">\u00a0<\/span><\/p><ol start=\"3\"><li><b> Confidentialit\u00e9\u00a0<\/b><\/li><\/ol><p><span style=\"font-weight: 400;\">Nous sommes les seuls propri\u00e9taires des informations recueillies sur ce site. Vos informations personnelles ne seront pas vendues, \u00e9chang\u00e9es, transf\u00e9r\u00e9es, ou donn\u00e9es \u00e0 une autre soci\u00e9t\u00e9 pour n\u2019importe quel raison, sans votre consentement, en dehors de ce qui est n\u00e9cessaire pour r\u00e9pondre \u00e0 une demande.<\/span><\/p><p><b>\u00a0<\/b><\/p><ol start=\"4\"><li><b> Divulgation \u00e0 des tiers<\/b><\/li><\/ol><p><span style=\"font-weight: 400;\">Nous ne vendons, n\u2019\u00e9changeons et ne transf\u00e9rons pas vos informations personnelles identifiables \u00e0 des tiers. Cela ne comprend pas les tierce parties de confiance qui nous aident \u00e0 exploiter notre site Web ou \u00e0 mener nos affaires, tant que ces parties conviennent de garder ces informations confidentielles.<\/span><\/p><p><span style=\"font-weight: 400;\">Nous pensons qu\u2019il est n\u00e9cessaire de partager des informations afin d\u2019enqu\u00eater, de pr\u00e9venir ou de prendre des mesures concernant des activit\u00e9s ill\u00e9gales, fraudes pr\u00e9sum\u00e9es, situations impliquant des menaces potentielles \u00e0 la s\u00e9curit\u00e9 physique de toute personne, violations de nos conditions d\u2019utilisation, ou quand la loi nous y contraint.<\/span><\/p><p><span style=\"font-weight: 400;\">Les informations non-priv\u00e9es, cependant, peuvent \u00eatre fournies \u00e0 d\u2019autres parties pour le marketing, la publicit\u00e9, ou d\u2019autres utilisations.<\/span><\/p><p><b>\u00a0<\/b><\/p><ol start=\"5\"><li><b> Protection des informations<\/b><\/li><\/ol><p><span style=\"font-weight: 400;\">Nous mettons en \u0153uvre une vari\u00e9t\u00e9 de mesures de s\u00e9curit\u00e9 pour pr\u00e9server la s\u00e9curit\u00e9 de vos informations personnelles. Nous utilisons un cryptage \u00e0 la pointe de la technologie pour prot\u00e9ger les informations sensibles transmises en ligne. Nous prot\u00e9geons \u00e9galement vos informations hors ligne. Seuls les employ\u00e9s qui ont besoin d\u2019effectuer un travail sp\u00e9cifique (par exemple, la facturation ou le service \u00e0 la client\u00e8le) ont acc\u00e8s aux informations personnelles identifiables. Les ordinateurs et serveurs utilis\u00e9s pour stocker des informations personnelles identifiables sont conserv\u00e9s dans un environnement s\u00e9curis\u00e9.<\/span><\/p><p><b>Est-ce que nous utilisons des cookies ?<\/b><\/p><p><span style=\"font-weight: 400;\">Oui. Nos cookies am\u00e9liorent l\u2019acc\u00e8s \u00e0 notre site et identifient les visiteurs r\u00e9guliers. En outre, nos cookies am\u00e9liorent l\u2019exp\u00e9rience d\u2019utilisateur gr\u00e2ce au suivi et au ciblage de ses int\u00e9r\u00eats. Cependant, cette utilisation des cookies n\u2019est en aucune fa\u00e7on li\u00e9e \u00e0 des informations personnelles identifiables sur notre site.<\/span><\/p><ol start=\"6\"><li><b> Se d\u00e9sabonner<\/b><\/li><\/ol><p><span style=\"font-weight: 400;\">Nous utilisons l\u2019adresse e-mail que vous fournissez pour vous envoyer des nouvelles de l\u2019entreprise de fa\u00e7on occasionnelle, des informations sur des produits li\u00e9s, etc. Si \u00e0 n\u2019importe quel moment vous souhaitez vous d\u00e9sinscrire et ne plus recevoir d\u2019e-mails, des instructions de d\u00e9sabonnement d\u00e9taill\u00e9es sont incluses en bas de chaque e-mail.<\/span><\/p><p><span style=\"font-weight: 400;\">Vous avez \u00e0 tout moment, la possibilit\u00e9 de demander le droit \u00e0 l\u2019oubli et l\u2019effacement de vos donn\u00e9e personnelles, en envoyant votre requ\u00eate \u00e0 l\u2019adresse suivante :\u00a0<\/span><\/p><p><span style=\"font-weight: 400;\">Nay M\u00e9lody<\/span><\/p><p><span style=\"font-weight: 400;\">53 rue des labours<\/span><\/p><p><span style=\"font-weight: 400;\">77700 magny le Hongre<\/span><\/p><p><b>\u00a0<\/b><\/p><ol start=\"7\"><li><b> Consentement<\/b><b><br \/><\/b><span style=\"font-weight: 400;\">En utilisant notre site, vous consentez \u00e0 notre politique de confidentialit\u00e9.<\/span><\/li><\/ol>\t\t\t\t\t\t\t\t<\/div>\n\t\t\t\t<\/div>\n\t\t\t\t<div class=\"elementor-element elementor-element-d20942a elementor-widget elementor-widget-spacer\" data-id=\"d20942a\" data-element_type=\"widget\" data-e-type=\"widget\" data-widget_type=\"spacer.default\">\n\t\t\t\t<div class=\"elementor-widget-container\">\n\t\t\t\t\t\t\t<div class=\"elementor-spacer\">\n\t\t\t<div class=\"elementor-spacer-inner\"><\/div>\n\t\t<\/div>\n\t\t\t\t\t\t<\/div>\n\t\t\t\t<\/div>\n\t\t\t\t\t<\/div>\n\t\t\t\t<\/div>\n\t\t\t\t<\/div>\n\t\t","protected":false},"excerpt":{"rendered":"<p>Politique de confidentialit\u00e9 1.Collecte de l\u2019information Nous recueillons des informations lorsque vous nous contactez via notre site. Les informations recueillies incluent votre nom, votre adresse e-mail, num\u00e9ro de t\u00e9l\u00e9phone. En outre, nous recevons et enregistrons automatiquement des informations \u00e0 partir de votre ordinateur et navigateur, y compris votre adresse IP, vos logiciels et votre mat\u00e9riel, [&hellip;]<\/p>\n","protected":false},"author":1,"featured_media":0,"parent":0,"menu_order":0,"comment_status":"closed","ping_status":"closed","template":"","meta":{"footnotes":""},"class_list":["post-1119","page","type-page","status-publish","hentry"],"yoast_head":"<!-- This site is optimized with the Yoast SEO plugin v27.4 - https:\/\/yoast.com\/product\/yoast-seo-wordpress\/ -->\n<title>Politique de confidentialit\u00e9 - M\u00e9lody Nay<\/title>\n<meta name=\"robots\" content=\"index, follow, max-snippet:-1, max-image-preview:large, max-video-preview:-1\" \/>\n<link rel=\"canonical\" href=\"https:\/\/www.melodynay.com\/index.php\/politique-de-confidentialite\/\" \/>\n<meta property=\"og:locale\" content=\"fr_FR\" \/>\n<meta property=\"og:type\" content=\"article\" \/>\n<meta property=\"og:title\" content=\"Politique de confidentialit\u00e9 - M\u00e9lody Nay\" \/>\n<meta property=\"og:description\" content=\"Politique de confidentialit\u00e9 1.Collecte de l\u2019information Nous recueillons des informations lorsque vous nous contactez via notre site. Les informations recueillies incluent votre nom, votre adresse e-mail, num\u00e9ro de t\u00e9l\u00e9phone. En outre, nous recevons et enregistrons automatiquement des informations \u00e0 partir de votre ordinateur et navigateur, y compris votre adresse IP, vos logiciels et votre mat\u00e9riel, [&hellip;]\" \/>\n<meta property=\"og:url\" content=\"https:\/\/www.melodynay.com\/index.php\/politique-de-confidentialite\/\" \/>\n<meta property=\"og:site_name\" content=\"M\u00e9lody Nay\" \/>\n<meta property=\"article:modified_time\" content=\"2026-04-02T14:15:45+00:00\" \/>\n<meta property=\"og:image\" content=\"https:\/\/www.melodynay.com\/wp-content\/uploads\/2026\/03\/Groupe-151.png\" \/>\n\t<meta property=\"og:image:width\" content=\"665\" \/>\n\t<meta property=\"og:image:height\" content=\"360\" \/>\n\t<meta property=\"og:image:type\" content=\"image\/png\" \/>\n<meta name=\"twitter:card\" content=\"summary_large_image\" \/>\n<meta name=\"twitter:label1\" content=\"Dur\u00e9e de lecture estim\u00e9e\" \/>\n\t<meta name=\"twitter:data1\" content=\"3 minutes\" \/>\n<script type=\"application\/ld+json\" class=\"yoast-schema-graph\">{\"@context\":\"https:\\\/\\\/schema.org\",\"@graph\":[{\"@type\":\"WebPage\",\"@id\":\"https:\\\/\\\/www.melodynay.com\\\/index.php\\\/politique-de-confidentialite\\\/\",\"url\":\"https:\\\/\\\/www.melodynay.com\\\/index.php\\\/politique-de-confidentialite\\\/\",\"name\":\"Politique de confidentialit\u00e9 - M\u00e9lody Nay\",\"isPartOf\":{\"@id\":\"https:\\\/\\\/www.melodynay.com\\\/#website\"},\"primaryImageOfPage\":{\"@id\":\"https:\\\/\\\/www.melodynay.com\\\/index.php\\\/politique-de-confidentialite\\\/#primaryimage\"},\"image\":{\"@id\":\"https:\\\/\\\/www.melodynay.com\\\/index.php\\\/politique-de-confidentialite\\\/#primaryimage\"},\"thumbnailUrl\":\"https:\\\/\\\/www.melodynay.com\\\/wp-content\\\/uploads\\\/2026\\\/03\\\/Groupe-151.png\",\"datePublished\":\"2026-03-27T13:16:40+00:00\",\"dateModified\":\"2026-04-02T14:15:45+00:00\",\"breadcrumb\":{\"@id\":\"https:\\\/\\\/www.melodynay.com\\\/index.php\\\/politique-de-confidentialite\\\/#breadcrumb\"},\"inLanguage\":\"fr-FR\",\"potentialAction\":[{\"@type\":\"ReadAction\",\"target\":[\"https:\\\/\\\/www.melodynay.com\\\/index.php\\\/politique-de-confidentialite\\\/\"]}]},{\"@type\":\"ImageObject\",\"inLanguage\":\"fr-FR\",\"@id\":\"https:\\\/\\\/www.melodynay.com\\\/index.php\\\/politique-de-confidentialite\\\/#primaryimage\",\"url\":\"https:\\\/\\\/www.melodynay.com\\\/wp-content\\\/uploads\\\/2026\\\/03\\\/Groupe-151.png\",\"contentUrl\":\"https:\\\/\\\/www.melodynay.com\\\/wp-content\\\/uploads\\\/2026\\\/03\\\/Groupe-151.png\",\"width\":665,\"height\":360},{\"@type\":\"BreadcrumbList\",\"@id\":\"https:\\\/\\\/www.melodynay.com\\\/index.php\\\/politique-de-confidentialite\\\/#breadcrumb\",\"itemListElement\":[{\"@type\":\"ListItem\",\"position\":1,\"name\":\"Accueil\",\"item\":\"https:\\\/\\\/www.melodynay.com\\\/\"},{\"@type\":\"ListItem\",\"position\":2,\"name\":\"Politique de confidentialit\u00e9\"}]},{\"@type\":\"WebSite\",\"@id\":\"https:\\\/\\\/www.melodynay.com\\\/#website\",\"url\":\"https:\\\/\\\/www.melodynay.com\\\/\",\"name\":\"M\u00e9lody Nay\",\"description\":\"Cabinet en th\u00e9rapies br\u00e8ves - Praticienne en Hypnose Ericksonienne | Th\u00e9rapeute sp\u00e9cialis\u00e9e en parentalit\u00e9 | Formatrice et Coach en entreprise.\",\"publisher\":{\"@id\":\"https:\\\/\\\/www.melodynay.com\\\/#organization\"},\"potentialAction\":[{\"@type\":\"SearchAction\",\"target\":{\"@type\":\"EntryPoint\",\"urlTemplate\":\"https:\\\/\\\/www.melodynay.com\\\/?s={search_term_string}\"},\"query-input\":{\"@type\":\"PropertyValueSpecification\",\"valueRequired\":true,\"valueName\":\"search_term_string\"}}],\"inLanguage\":\"fr-FR\"},{\"@type\":\"Organization\",\"@id\":\"https:\\\/\\\/www.melodynay.com\\\/#organization\",\"name\":\"M\u00e9lody Nay\",\"url\":\"https:\\\/\\\/www.melodynay.com\\\/\",\"logo\":{\"@type\":\"ImageObject\",\"inLanguage\":\"fr-FR\",\"@id\":\"https:\\\/\\\/www.melodynay.com\\\/#\\\/schema\\\/logo\\\/image\\\/\",\"url\":\"https:\\\/\\\/www.melodynay.com\\\/wp-content\\\/uploads\\\/2022\\\/12\\\/Groupe-150.png\",\"contentUrl\":\"https:\\\/\\\/www.melodynay.com\\\/wp-content\\\/uploads\\\/2022\\\/12\\\/Groupe-150.png\",\"width\":714,\"height\":407,\"caption\":\"M\u00e9lody Nay\"},\"image\":{\"@id\":\"https:\\\/\\\/www.melodynay.com\\\/#\\\/schema\\\/logo\\\/image\\\/\"}}]}<\/script>\n<!-- \/ Yoast SEO plugin. -->","yoast_head_json":{"title":"Politique de confidentialit\u00e9 - M\u00e9lody Nay","robots":{"index":"index","follow":"follow","max-snippet":"max-snippet:-1","max-image-preview":"max-image-preview:large","max-video-preview":"max-video-preview:-1"},"canonical":"https:\/\/www.melodynay.com\/index.php\/politique-de-confidentialite\/","og_locale":"fr_FR","og_type":"article","og_title":"Politique de confidentialit\u00e9 - M\u00e9lody Nay","og_description":"Politique de confidentialit\u00e9 1.Collecte de l\u2019information Nous recueillons des informations lorsque vous nous contactez via notre site. Les informations recueillies incluent votre nom, votre adresse e-mail, num\u00e9ro de t\u00e9l\u00e9phone. En outre, nous recevons et enregistrons automatiquement des informations \u00e0 partir de votre ordinateur et navigateur, y compris votre adresse IP, vos logiciels et votre mat\u00e9riel, [&hellip;]","og_url":"https:\/\/www.melodynay.com\/index.php\/politique-de-confidentialite\/","og_site_name":"M\u00e9lody Nay","article_modified_time":"2026-04-02T14:15:45+00:00","og_image":[{"width":665,"height":360,"url":"https:\/\/www.melodynay.com\/wp-content\/uploads\/2026\/03\/Groupe-151.png","type":"image\/png"}],"twitter_card":"summary_large_image","twitter_misc":{"Dur\u00e9e de lecture estim\u00e9e":"3 minutes"},"schema":{"@context":"https:\/\/schema.org","@graph":[{"@type":"WebPage","@id":"https:\/\/www.melodynay.com\/index.php\/politique-de-confidentialite\/","url":"https:\/\/www.melodynay.com\/index.php\/politique-de-confidentialite\/","name":"Politique de confidentialit\u00e9 - M\u00e9lody Nay","isPartOf":{"@id":"https:\/\/www.melodynay.com\/#website"},"primaryImageOfPage":{"@id":"https:\/\/www.melodynay.com\/index.php\/politique-de-confidentialite\/#primaryimage"},"image":{"@id":"https:\/\/www.melodynay.com\/index.php\/politique-de-confidentialite\/#primaryimage"},"thumbnailUrl":"https:\/\/www.melodynay.com\/wp-content\/uploads\/2026\/03\/Groupe-151.png","datePublished":"2026-03-27T13:16:40+00:00","dateModified":"2026-04-02T14:15:45+00:00","breadcrumb":{"@id":"https:\/\/www.melodynay.com\/index.php\/politique-de-confidentialite\/#breadcrumb"},"inLanguage":"fr-FR","potentialAction":[{"@type":"ReadAction","target":["https:\/\/www.melodynay.com\/index.php\/politique-de-confidentialite\/"]}]},{"@type":"ImageObject","inLanguage":"fr-FR","@id":"https:\/\/www.melodynay.com\/index.php\/politique-de-confidentialite\/#primaryimage","url":"https:\/\/www.melodynay.com\/wp-content\/uploads\/2026\/03\/Groupe-151.png","contentUrl":"https:\/\/www.melodynay.com\/wp-content\/uploads\/2026\/03\/Groupe-151.png","width":665,"height":360},{"@type":"BreadcrumbList","@id":"https:\/\/www.melodynay.com\/index.php\/politique-de-confidentialite\/#breadcrumb","itemListElement":[{"@type":"ListItem","position":1,"name":"Accueil","item":"https:\/\/www.melodynay.com\/"},{"@type":"ListItem","position":2,"name":"Politique de confidentialit\u00e9"}]},{"@type":"WebSite","@id":"https:\/\/www.melodynay.com\/#website","url":"https:\/\/www.melodynay.com\/","name":"M\u00e9lody Nay","description":"Cabinet en th\u00e9rapies br\u00e8ves - Praticienne en Hypnose Ericksonienne | Th\u00e9rapeute sp\u00e9cialis\u00e9e en parentalit\u00e9 | Formatrice et Coach en entreprise.","publisher":{"@id":"https:\/\/www.melodynay.com\/#organization"},"potentialAction":[{"@type":"SearchAction","target":{"@type":"EntryPoint","urlTemplate":"https:\/\/www.melodynay.com\/?s={search_term_string}"},"query-input":{"@type":"PropertyValueSpecification","valueRequired":true,"valueName":"search_term_string"}}],"inLanguage":"fr-FR"},{"@type":"Organization","@id":"https:\/\/www.melodynay.com\/#organization","name":"M\u00e9lody Nay","url":"https:\/\/www.melodynay.com\/","logo":{"@type":"ImageObject","inLanguage":"fr-FR","@id":"https:\/\/www.melodynay.com\/#\/schema\/logo\/image\/","url":"https:\/\/www.melodynay.com\/wp-content\/uploads\/2022\/12\/Groupe-150.png","contentUrl":"https:\/\/www.melodynay.com\/wp-content\/uploads\/2022\/12\/Groupe-150.png","width":714,"height":407,"caption":"M\u00e9lody Nay"},"image":{"@id":"https:\/\/www.melodynay.com\/#\/schema\/logo\/image\/"}}]}},"_links":{"self":[{"href":"https:\/\/www.melodynay.com\/index.php\/wp-json\/wp\/v2\/pages\/1119","targetHints":{"allow":["GET"]}}],"collection":[{"href":"https:\/\/www.melodynay.com\/index.php\/wp-json\/wp\/v2\/pages"}],"about":[{"href":"https:\/\/www.melodynay.com\/index.php\/wp-json\/wp\/v2\/types\/page"}],"author":[{"embeddable":true,"href":"https:\/\/www.melodynay.com\/index.php\/wp-json\/wp\/v2\/users\/1"}],"replies":[{"embeddable":true,"href":"https:\/\/www.melodynay.com\/index.php\/wp-json\/wp\/v2\/comments?post=1119"}],"version-history":[{"count":4,"href":"https:\/\/www.melodynay.com\/index.php\/wp-json\/wp\/v2\/pages\/1119\/revisions"}],"predecessor-version":[{"id":1593,"href":"https:\/\/www.melodynay.com\/index.php\/wp-json\/wp\/v2\/pages\/1119\/revisions\/1593"}],"wp:attachment":[{"href":"https:\/\/www.melodynay.com\/index.php\/wp-json\/wp\/v2\/media?parent=1119"}],"curies":[{"name":"wp","href":"https:\/\/api.w.org\/{rel}","templated":true}]}}