{"id":1117,"date":"2026-03-27T14:16:26","date_gmt":"2026-03-27T13:16:26","guid":{"rendered":"https:\/\/www.melodynay.com\/?page_id=1117"},"modified":"2026-04-02T16:14:17","modified_gmt":"2026-04-02T14:14:17","slug":"mentions-legales","status":"publish","type":"page","link":"https:\/\/www.melodynay.com\/index.php\/mentions-legales\/","title":{"rendered":"Mentions L\u00e9gales"},"content":{"rendered":"\t\t<div data-elementor-type=\"wp-page\" data-elementor-id=\"1117\" class=\"elementor elementor-1117\" data-elementor-post-type=\"page\">\n\t\t\t\t<div class=\"elementor-element elementor-element-40ad38bc e-flex e-con-boxed e-con e-parent\" data-id=\"40ad38bc\" data-element_type=\"container\" data-e-type=\"container\">\n\t\t\t\t\t<div class=\"e-con-inner\">\n\t\t\t\t<div class=\"elementor-element elementor-element-1386072e elementor-widget elementor-widget-spacer\" data-id=\"1386072e\" data-element_type=\"widget\" data-e-type=\"widget\" data-widget_type=\"spacer.default\">\n\t\t\t\t<div class=\"elementor-widget-container\">\n\t\t\t\t\t\t\t<div class=\"elementor-spacer\">\n\t\t\t<div class=\"elementor-spacer-inner\"><\/div>\n\t\t<\/div>\n\t\t\t\t\t\t<\/div>\n\t\t\t\t<\/div>\n\t\t\t\t<div class=\"elementor-element elementor-element-60e36161 elementor-invisible elementor-widget elementor-widget-image\" data-id=\"60e36161\" data-element_type=\"widget\" data-e-type=\"widget\" data-settings=\"{&quot;_animation&quot;:&quot;fadeInDown&quot;}\" data-widget_type=\"image.default\">\n\t\t\t\t<div class=\"elementor-widget-container\">\n\t\t\t\t\t\t\t\t\t\t\t\t\t\t\t<img fetchpriority=\"high\" decoding=\"async\" width=\"665\" height=\"360\" src=\"https:\/\/www.melodynay.com\/wp-content\/uploads\/2026\/03\/Groupe-151.png\" class=\"attachment-large size-large wp-image-1146\" alt=\"\" srcset=\"https:\/\/www.melodynay.com\/wp-content\/uploads\/2026\/03\/Groupe-151.png 665w, https:\/\/www.melodynay.com\/wp-content\/uploads\/2026\/03\/Groupe-151-300x162.png 300w\" sizes=\"(max-width: 665px) 100vw, 665px\" \/>\t\t\t\t\t\t\t\t\t\t\t\t\t\t\t<\/div>\n\t\t\t\t<\/div>\n\t\t\t\t<div class=\"elementor-element elementor-element-78d6b668 elementor-invisible elementor-widget elementor-widget-heading\" data-id=\"78d6b668\" data-element_type=\"widget\" data-e-type=\"widget\" data-settings=\"{&quot;_animation&quot;:&quot;fadeInUp&quot;}\" data-widget_type=\"heading.default\">\n\t\t\t\t<div class=\"elementor-widget-container\">\n\t\t\t\t\t<h2 class=\"elementor-heading-title elementor-size-default\">Mentions L\u00e9gales<\/h2>\t\t\t\t<\/div>\n\t\t\t\t<\/div>\n\t\t\t\t<div class=\"elementor-element elementor-element-51d304fa elementor-widget elementor-widget-spacer\" data-id=\"51d304fa\" data-element_type=\"widget\" data-e-type=\"widget\" data-widget_type=\"spacer.default\">\n\t\t\t\t<div class=\"elementor-widget-container\">\n\t\t\t\t\t\t\t<div class=\"elementor-spacer\">\n\t\t\t<div class=\"elementor-spacer-inner\"><\/div>\n\t\t<\/div>\n\t\t\t\t\t\t<\/div>\n\t\t\t\t<\/div>\n\t\t\t\t\t<\/div>\n\t\t\t\t<\/div>\n\t\t<div class=\"elementor-element elementor-element-cc9fdc3 e-flex e-con-boxed e-con e-parent\" data-id=\"cc9fdc3\" data-element_type=\"container\" data-e-type=\"container\">\n\t\t\t\t\t<div class=\"e-con-inner\">\n\t\t\t\t<div class=\"elementor-element elementor-element-d47e610 elementor-widget elementor-widget-text-editor\" data-id=\"d47e610\" data-element_type=\"widget\" data-e-type=\"widget\" data-widget_type=\"text-editor.default\">\n\t\t\t\t<div class=\"elementor-widget-container\">\n\t\t\t\t\t\t\t\t\t<p><span style=\"font-weight: 400;\">Conform\u00e9ment aux dispositions de la loi n\u00b0 2004-575 du 21 juin 2004 pour la confiance en l&rsquo;\u00e9conomie num\u00e9rique, il est pr\u00e9cis\u00e9 aux utilisateurs du site Melody Nay l&rsquo;identit\u00e9 des diff\u00e9rents intervenants dans le cadre de sa r\u00e9alisation et de son suivi.<\/span><\/p><p><b>Edition du site\u00a0<\/b><\/p><p><span style=\"font-weight: 400;\">Le pr\u00e9sent site, accessible \u00e0 l\u2019URL www.melodynay.com (le \u00ab Site \u00bb), est \u00e9dit\u00e9 par :<\/span><\/p><p><span style=\"font-weight: 400;\">M\u00e9lody Nay, micro-entrepreneur<\/span><span style=\"font-weight: 400;\"><br \/><\/span><span style=\"font-weight: 400;\">Activit\u00e9 : Coaching professionnel et personnel \u2013 th\u00e9rapies br\u00e8ves<\/span><\/p><p><span style=\"font-weight: 400;\">Adresse : 53 rue des Labours 77700 Magny-Le-Hongre<\/span><span style=\"font-weight: 400;\"><br \/><\/span><span style=\"font-weight: 400;\">Email : contact@melodynay.com<\/span><\/p><p><span style=\"font-weight: 400;\">Num\u00e9ro SIRET : <\/span><span style=\"font-weight: 400;\">920 472 685 00014<\/span><\/p><p><span style=\"font-weight: 400;\">TVA non applicable, art. 293 B du CGI<\/span><\/p><p><span style=\"font-weight: 400;\">\u00a0<\/span><\/p><p>\u00a0<\/p><p><b>H\u00e9bergement<\/b><\/p><p><span style=\"font-weight: 400;\">Le Site est h\u00e9berg\u00e9 par la soci\u00e9t\u00e9 OVH SAS, situ\u00e9 2 rue Kellermann &#8211; BP 80157 &#8211; 59053 Roubaix Cedex 1, (contact t\u00e9l\u00e9phonique ou email : 1007).<\/span><\/p><p><b>Directeur de publication\u00a0<\/b><span style=\"font-weight: 400;\">Le Directeur de la publication du Site est M\u00e9lody Nay.<\/span><\/p><p><b>Nous contacter\u00a0<\/b><\/p><p><span style=\"font-weight: 400;\">Par t\u00e9l\u00e9phone\u00a0: +33669671521<\/span><\/p><p><span style=\"font-weight: 400;\">Par email\u00a0: contact@melodynay.com<\/span><\/p><p><span style=\"font-weight: 400;\">Par courrier\u00a0: 53 rue des Labours 77700 MAGNY-LE-HONGRE<\/span><\/p><p><b>Donn\u00e9es personnelles<\/b><\/p><p><span style=\"font-weight: 400;\">Le traitement de vos donn\u00e9es \u00e0 caract\u00e8re personnel est r\u00e9gi par notre Charte du respect de la vie priv\u00e9e, disponible depuis la section \u00ab\u00a0Charte de Protection des Donn\u00e9es Personnelles\u00a0\u00bb, conform\u00e9ment au R\u00e8glement G\u00e9n\u00e9ral sur la Protection des Donn\u00e9es 2016\/679 du 27 avril 2016 (\u00abRGPD\u00bb).<\/span><\/p><p>\u00a0<\/p><p><b>CONDITIONS G\u00c9N\u00c9RALES DE VENTE<\/b><\/p><p><b>M\u00e9lody Nay \u2013 Coaching &amp; Th\u00e9rapies<\/b><\/p><p><b>1. Cadre des accompagnements<\/b><\/p><p><span style=\"font-weight: 400;\">Les accompagnements propos\u00e9s par M\u00e9lody Nay s\u2019inscrivent dans une d\u00e9marche de transformation personnelle et professionnelle, m\u00ealant coaching et approches th\u00e9rapeutiques (hypnose, PNL, psychog\u00e9n\u00e9alogie, constellations).<\/span><\/p><p><span style=\"font-weight: 400;\">Ils ont pour objectif de permettre des prises de conscience, des ajustements et des passages \u00e0 l\u2019action concrets, dans le respect du rythme de chacun.<\/span><\/p><p><span style=\"font-weight: 400;\">Ils ne se substituent en aucun cas \u00e0 un suivi m\u00e9dical ou psychiatrique.<\/span><\/p><p><b>2. R\u00e9servation des s\u00e9ances<\/b><\/p><p><span style=\"font-weight: 400;\">Les s\u00e9ances peuvent \u00eatre r\u00e9serv\u00e9es en ligne ou directement aupr\u00e8s de M\u00e9lody Nay.<\/span><\/p><p><span style=\"font-weight: 400;\">Toute r\u00e9servation implique l\u2019adh\u00e9sion aux pr\u00e9sentes conditions.<\/span><\/p><p><b>3. Tarifs et r\u00e8glement<\/b><\/p><p><span style=\"font-weight: 400;\">Les tarifs sont indiqu\u00e9s en euros (\u20ac).<\/span><\/p><p><span style=\"font-weight: 400;\">Le r\u00e8glement s\u2019effectue :<\/span><\/p><ul><li style=\"font-weight: 400;\" aria-level=\"1\"><p><span style=\"font-weight: 400;\">soit en ligne<\/span><\/p><\/li><li style=\"font-weight: 400;\" aria-level=\"1\"><p><span style=\"font-weight: 400;\">soit le jour de la s\u00e9ance selon les modalit\u00e9s d\u00e9finies<\/span><\/p><\/li><\/ul><p><span style=\"font-weight: 400;\">Toute s\u00e9ance commenc\u00e9e est due dans son int\u00e9gralit\u00e9.<\/span><\/p><p><b>4. Engagement<\/b><\/p><p><span style=\"font-weight: 400;\">Un accompagnement repose sur une implication active du client.<\/span><\/p><p><span style=\"font-weight: 400;\">M\u00e9lody Nay s\u2019engage \u00e0 offrir un cadre s\u00e9curisant, confidentiel et professionnel, propice \u00e0 l\u2019\u00e9volution.<\/span><span style=\"font-weight: 400;\"><br \/><\/span><span style=\"font-weight: 400;\">Cependant, elle n\u2019est tenue \u00e0 aucune obligation de r\u00e9sultat.<\/span><\/p><p><b>5. Confidentialit\u00e9<\/b><\/p><p><span style=\"font-weight: 400;\">Les \u00e9changes sont strictement confidentiels.<\/span><\/p><p><b>7. Supports et contenus<\/b><\/p><p><span style=\"font-weight: 400;\">Les outils, exercices, audios ou documents transmis dans le cadre de l\u2019accompagnement sont r\u00e9serv\u00e9s \u00e0 un usage personnel.<\/span><\/p><p><b>8. Donn\u00e9es personnelles<\/b><\/p><p><span style=\"font-weight: 400;\">Les donn\u00e9es recueillies sont utilis\u00e9es uniquement dans le cadre de l\u2019accompagnement et ne sont jamais transmises \u00e0 des tiers.<\/span><\/p><p><b>9. Litiges<\/b><\/p><p><span style=\"font-weight: 400;\">En cas de difficult\u00e9, un \u00e9change sera privil\u00e9gi\u00e9 afin de trouver une solution adapt\u00e9e.<\/span><\/p><p><b>10. M\u00e9diation \u00e0 la consommation<\/b><\/p><p><span style=\"font-weight: 400;\">Conform\u00e9ment aux articles L.612-1 et suivants du Code de la consommation, le client peut recourir gratuitement \u00e0 un m\u00e9diateur de la consommation.<\/span><\/p><p><span style=\"font-weight: 400;\">Le m\u00e9diateur d\u00e9sign\u00e9 est :<\/span><\/p><p><span style=\"font-weight: 400;\">MCP M\u00e9diation<\/span><span style=\"font-weight: 400;\"><br \/><\/span><span style=\"font-weight: 400;\">Site internet : https:\/\/www.mcpmediation.org<\/span><span style=\"font-weight: 400;\"><br \/><\/span><span style=\"font-weight: 400;\">Email : contact@mcpmediation.org<\/span><span style=\"font-weight: 400;\"><br \/><\/span><span style=\"font-weight: 400;\">Adresse : 12 square Desnouettes, 75015 Paris<\/span><\/p><p><span style=\"font-weight: 400;\">Apr\u00e8s d\u00e9marche pr\u00e9alable \u00e9crite aupr\u00e8s de M\u00e9lody Nay, le client peut saisir le m\u00e9diateur pour tout litige non r\u00e9solu<\/span><\/p>\t\t\t\t\t\t\t\t<\/div>\n\t\t\t\t<\/div>\n\t\t\t\t<div class=\"elementor-element elementor-element-e177cb7 elementor-widget elementor-widget-spacer\" data-id=\"e177cb7\" data-element_type=\"widget\" data-e-type=\"widget\" data-widget_type=\"spacer.default\">\n\t\t\t\t<div class=\"elementor-widget-container\">\n\t\t\t\t\t\t\t<div class=\"elementor-spacer\">\n\t\t\t<div class=\"elementor-spacer-inner\"><\/div>\n\t\t<\/div>\n\t\t\t\t\t\t<\/div>\n\t\t\t\t<\/div>\n\t\t\t\t\t<\/div>\n\t\t\t\t<\/div>\n\t\t\t\t<\/div>\n\t\t","protected":false},"excerpt":{"rendered":"<p>Mentions L\u00e9gales Conform\u00e9ment aux dispositions de la loi n\u00b0 2004-575 du 21 juin 2004 pour la confiance en l&rsquo;\u00e9conomie num\u00e9rique, il est pr\u00e9cis\u00e9 aux utilisateurs du site Melody Nay l&rsquo;identit\u00e9 des diff\u00e9rents intervenants dans le cadre de sa r\u00e9alisation et de son suivi. Edition du site\u00a0 Le pr\u00e9sent site, accessible \u00e0 l\u2019URL www.melodynay.com (le \u00ab [&hellip;]<\/p>\n","protected":false},"author":1,"featured_media":0,"parent":0,"menu_order":0,"comment_status":"closed","ping_status":"closed","template":"","meta":{"footnotes":""},"class_list":["post-1117","page","type-page","status-publish","hentry"],"yoast_head":"<!-- This site is optimized with the Yoast SEO plugin v27.4 - https:\/\/yoast.com\/product\/yoast-seo-wordpress\/ -->\n<title>Mentions L\u00e9gales - M\u00e9lody Nay<\/title>\n<meta name=\"robots\" content=\"index, follow, max-snippet:-1, max-image-preview:large, max-video-preview:-1\" \/>\n<link rel=\"canonical\" href=\"https:\/\/www.melodynay.com\/index.php\/mentions-legales\/\" \/>\n<meta property=\"og:locale\" content=\"fr_FR\" \/>\n<meta property=\"og:type\" content=\"article\" \/>\n<meta property=\"og:title\" content=\"Mentions L\u00e9gales - M\u00e9lody Nay\" \/>\n<meta property=\"og:description\" content=\"Mentions L\u00e9gales Conform\u00e9ment aux dispositions de la loi n\u00b0 2004-575 du 21 juin 2004 pour la confiance en l&rsquo;\u00e9conomie num\u00e9rique, il est pr\u00e9cis\u00e9 aux utilisateurs du site Melody Nay l&rsquo;identit\u00e9 des diff\u00e9rents intervenants dans le cadre de sa r\u00e9alisation et de son suivi. Edition du site\u00a0 Le pr\u00e9sent site, accessible \u00e0 l\u2019URL www.melodynay.com (le \u00ab [&hellip;]\" \/>\n<meta property=\"og:url\" content=\"https:\/\/www.melodynay.com\/index.php\/mentions-legales\/\" \/>\n<meta property=\"og:site_name\" content=\"M\u00e9lody Nay\" \/>\n<meta property=\"article:modified_time\" content=\"2026-04-02T14:14:17+00:00\" \/>\n<meta property=\"og:image\" content=\"https:\/\/www.melodynay.com\/wp-content\/uploads\/2026\/03\/Groupe-151.png\" \/>\n\t<meta property=\"og:image:width\" content=\"665\" \/>\n\t<meta property=\"og:image:height\" content=\"360\" \/>\n\t<meta property=\"og:image:type\" content=\"image\/png\" \/>\n<meta name=\"twitter:card\" content=\"summary_large_image\" \/>\n<meta name=\"twitter:label1\" content=\"Dur\u00e9e de lecture estim\u00e9e\" \/>\n\t<meta name=\"twitter:data1\" content=\"3 minutes\" \/>\n<script type=\"application\/ld+json\" class=\"yoast-schema-graph\">{\"@context\":\"https:\\\/\\\/schema.org\",\"@graph\":[{\"@type\":\"WebPage\",\"@id\":\"https:\\\/\\\/www.melodynay.com\\\/index.php\\\/mentions-legales\\\/\",\"url\":\"https:\\\/\\\/www.melodynay.com\\\/index.php\\\/mentions-legales\\\/\",\"name\":\"Mentions L\u00e9gales - M\u00e9lody Nay\",\"isPartOf\":{\"@id\":\"https:\\\/\\\/www.melodynay.com\\\/#website\"},\"primaryImageOfPage\":{\"@id\":\"https:\\\/\\\/www.melodynay.com\\\/index.php\\\/mentions-legales\\\/#primaryimage\"},\"image\":{\"@id\":\"https:\\\/\\\/www.melodynay.com\\\/index.php\\\/mentions-legales\\\/#primaryimage\"},\"thumbnailUrl\":\"https:\\\/\\\/www.melodynay.com\\\/wp-content\\\/uploads\\\/2026\\\/03\\\/Groupe-151.png\",\"datePublished\":\"2026-03-27T13:16:26+00:00\",\"dateModified\":\"2026-04-02T14:14:17+00:00\",\"breadcrumb\":{\"@id\":\"https:\\\/\\\/www.melodynay.com\\\/index.php\\\/mentions-legales\\\/#breadcrumb\"},\"inLanguage\":\"fr-FR\",\"potentialAction\":[{\"@type\":\"ReadAction\",\"target\":[\"https:\\\/\\\/www.melodynay.com\\\/index.php\\\/mentions-legales\\\/\"]}]},{\"@type\":\"ImageObject\",\"inLanguage\":\"fr-FR\",\"@id\":\"https:\\\/\\\/www.melodynay.com\\\/index.php\\\/mentions-legales\\\/#primaryimage\",\"url\":\"https:\\\/\\\/www.melodynay.com\\\/wp-content\\\/uploads\\\/2026\\\/03\\\/Groupe-151.png\",\"contentUrl\":\"https:\\\/\\\/www.melodynay.com\\\/wp-content\\\/uploads\\\/2026\\\/03\\\/Groupe-151.png\",\"width\":665,\"height\":360},{\"@type\":\"BreadcrumbList\",\"@id\":\"https:\\\/\\\/www.melodynay.com\\\/index.php\\\/mentions-legales\\\/#breadcrumb\",\"itemListElement\":[{\"@type\":\"ListItem\",\"position\":1,\"name\":\"Accueil\",\"item\":\"https:\\\/\\\/www.melodynay.com\\\/\"},{\"@type\":\"ListItem\",\"position\":2,\"name\":\"Mentions L\u00e9gales\"}]},{\"@type\":\"WebSite\",\"@id\":\"https:\\\/\\\/www.melodynay.com\\\/#website\",\"url\":\"https:\\\/\\\/www.melodynay.com\\\/\",\"name\":\"M\u00e9lody Nay\",\"description\":\"Cabinet en th\u00e9rapies br\u00e8ves - Praticienne en Hypnose Ericksonienne | Th\u00e9rapeute sp\u00e9cialis\u00e9e en parentalit\u00e9 | Formatrice et Coach en entreprise.\",\"publisher\":{\"@id\":\"https:\\\/\\\/www.melodynay.com\\\/#organization\"},\"potentialAction\":[{\"@type\":\"SearchAction\",\"target\":{\"@type\":\"EntryPoint\",\"urlTemplate\":\"https:\\\/\\\/www.melodynay.com\\\/?s={search_term_string}\"},\"query-input\":{\"@type\":\"PropertyValueSpecification\",\"valueRequired\":true,\"valueName\":\"search_term_string\"}}],\"inLanguage\":\"fr-FR\"},{\"@type\":\"Organization\",\"@id\":\"https:\\\/\\\/www.melodynay.com\\\/#organization\",\"name\":\"M\u00e9lody Nay\",\"url\":\"https:\\\/\\\/www.melodynay.com\\\/\",\"logo\":{\"@type\":\"ImageObject\",\"inLanguage\":\"fr-FR\",\"@id\":\"https:\\\/\\\/www.melodynay.com\\\/#\\\/schema\\\/logo\\\/image\\\/\",\"url\":\"https:\\\/\\\/www.melodynay.com\\\/wp-content\\\/uploads\\\/2022\\\/12\\\/Groupe-150.png\",\"contentUrl\":\"https:\\\/\\\/www.melodynay.com\\\/wp-content\\\/uploads\\\/2022\\\/12\\\/Groupe-150.png\",\"width\":714,\"height\":407,\"caption\":\"M\u00e9lody Nay\"},\"image\":{\"@id\":\"https:\\\/\\\/www.melodynay.com\\\/#\\\/schema\\\/logo\\\/image\\\/\"}}]}<\/script>\n<!-- \/ Yoast SEO plugin. -->","yoast_head_json":{"title":"Mentions L\u00e9gales - M\u00e9lody Nay","robots":{"index":"index","follow":"follow","max-snippet":"max-snippet:-1","max-image-preview":"max-image-preview:large","max-video-preview":"max-video-preview:-1"},"canonical":"https:\/\/www.melodynay.com\/index.php\/mentions-legales\/","og_locale":"fr_FR","og_type":"article","og_title":"Mentions L\u00e9gales - M\u00e9lody Nay","og_description":"Mentions L\u00e9gales Conform\u00e9ment aux dispositions de la loi n\u00b0 2004-575 du 21 juin 2004 pour la confiance en l&rsquo;\u00e9conomie num\u00e9rique, il est pr\u00e9cis\u00e9 aux utilisateurs du site Melody Nay l&rsquo;identit\u00e9 des diff\u00e9rents intervenants dans le cadre de sa r\u00e9alisation et de son suivi. Edition du site\u00a0 Le pr\u00e9sent site, accessible \u00e0 l\u2019URL www.melodynay.com (le \u00ab [&hellip;]","og_url":"https:\/\/www.melodynay.com\/index.php\/mentions-legales\/","og_site_name":"M\u00e9lody Nay","article_modified_time":"2026-04-02T14:14:17+00:00","og_image":[{"width":665,"height":360,"url":"https:\/\/www.melodynay.com\/wp-content\/uploads\/2026\/03\/Groupe-151.png","type":"image\/png"}],"twitter_card":"summary_large_image","twitter_misc":{"Dur\u00e9e de lecture estim\u00e9e":"3 minutes"},"schema":{"@context":"https:\/\/schema.org","@graph":[{"@type":"WebPage","@id":"https:\/\/www.melodynay.com\/index.php\/mentions-legales\/","url":"https:\/\/www.melodynay.com\/index.php\/mentions-legales\/","name":"Mentions L\u00e9gales - M\u00e9lody Nay","isPartOf":{"@id":"https:\/\/www.melodynay.com\/#website"},"primaryImageOfPage":{"@id":"https:\/\/www.melodynay.com\/index.php\/mentions-legales\/#primaryimage"},"image":{"@id":"https:\/\/www.melodynay.com\/index.php\/mentions-legales\/#primaryimage"},"thumbnailUrl":"https:\/\/www.melodynay.com\/wp-content\/uploads\/2026\/03\/Groupe-151.png","datePublished":"2026-03-27T13:16:26+00:00","dateModified":"2026-04-02T14:14:17+00:00","breadcrumb":{"@id":"https:\/\/www.melodynay.com\/index.php\/mentions-legales\/#breadcrumb"},"inLanguage":"fr-FR","potentialAction":[{"@type":"ReadAction","target":["https:\/\/www.melodynay.com\/index.php\/mentions-legales\/"]}]},{"@type":"ImageObject","inLanguage":"fr-FR","@id":"https:\/\/www.melodynay.com\/index.php\/mentions-legales\/#primaryimage","url":"https:\/\/www.melodynay.com\/wp-content\/uploads\/2026\/03\/Groupe-151.png","contentUrl":"https:\/\/www.melodynay.com\/wp-content\/uploads\/2026\/03\/Groupe-151.png","width":665,"height":360},{"@type":"BreadcrumbList","@id":"https:\/\/www.melodynay.com\/index.php\/mentions-legales\/#breadcrumb","itemListElement":[{"@type":"ListItem","position":1,"name":"Accueil","item":"https:\/\/www.melodynay.com\/"},{"@type":"ListItem","position":2,"name":"Mentions L\u00e9gales"}]},{"@type":"WebSite","@id":"https:\/\/www.melodynay.com\/#website","url":"https:\/\/www.melodynay.com\/","name":"M\u00e9lody Nay","description":"Cabinet en th\u00e9rapies br\u00e8ves - Praticienne en Hypnose Ericksonienne | Th\u00e9rapeute sp\u00e9cialis\u00e9e en parentalit\u00e9 | Formatrice et Coach en entreprise.","publisher":{"@id":"https:\/\/www.melodynay.com\/#organization"},"potentialAction":[{"@type":"SearchAction","target":{"@type":"EntryPoint","urlTemplate":"https:\/\/www.melodynay.com\/?s={search_term_string}"},"query-input":{"@type":"PropertyValueSpecification","valueRequired":true,"valueName":"search_term_string"}}],"inLanguage":"fr-FR"},{"@type":"Organization","@id":"https:\/\/www.melodynay.com\/#organization","name":"M\u00e9lody Nay","url":"https:\/\/www.melodynay.com\/","logo":{"@type":"ImageObject","inLanguage":"fr-FR","@id":"https:\/\/www.melodynay.com\/#\/schema\/logo\/image\/","url":"https:\/\/www.melodynay.com\/wp-content\/uploads\/2022\/12\/Groupe-150.png","contentUrl":"https:\/\/www.melodynay.com\/wp-content\/uploads\/2022\/12\/Groupe-150.png","width":714,"height":407,"caption":"M\u00e9lody Nay"},"image":{"@id":"https:\/\/www.melodynay.com\/#\/schema\/logo\/image\/"}}]}},"_links":{"self":[{"href":"https:\/\/www.melodynay.com\/index.php\/wp-json\/wp\/v2\/pages\/1117","targetHints":{"allow":["GET"]}}],"collection":[{"href":"https:\/\/www.melodynay.com\/index.php\/wp-json\/wp\/v2\/pages"}],"about":[{"href":"https:\/\/www.melodynay.com\/index.php\/wp-json\/wp\/v2\/types\/page"}],"author":[{"embeddable":true,"href":"https:\/\/www.melodynay.com\/index.php\/wp-json\/wp\/v2\/users\/1"}],"replies":[{"embeddable":true,"href":"https:\/\/www.melodynay.com\/index.php\/wp-json\/wp\/v2\/comments?post=1117"}],"version-history":[{"count":13,"href":"https:\/\/www.melodynay.com\/index.php\/wp-json\/wp\/v2\/pages\/1117\/revisions"}],"predecessor-version":[{"id":1587,"href":"https:\/\/www.melodynay.com\/index.php\/wp-json\/wp\/v2\/pages\/1117\/revisions\/1587"}],"wp:attachment":[{"href":"https:\/\/www.melodynay.com\/index.php\/wp-json\/wp\/v2\/media?parent=1117"}],"curies":[{"name":"wp","href":"https:\/\/api.w.org\/{rel}","templated":true}]}}